{"id":12,"date":"2025-12-05T02:57:32","date_gmt":"2025-12-05T02:57:32","guid":{"rendered":"https:\/\/limoprocolombia.com\/?page_id=12"},"modified":"2025-12-05T06:39:36","modified_gmt":"2025-12-05T06:39:36","slug":"contactenos","status":"publish","type":"page","link":"https:\/\/limoprocolombia.com\/index.php\/contactenos\/","title":{"rendered":"Cont\u00e1ctenos"},"content":{"rendered":"\t\t<div data-elementor-type=\"wp-page\" data-elementor-id=\"12\" class=\"elementor elementor-12\" data-elementor-post-type=\"page\">\n\t\t\t\t<div class=\"elementor-element elementor-element-1acc5233 e-flex e-con-boxed e-con e-parent\" data-id=\"1acc5233\" data-element_type=\"container\" data-settings=\"{&quot;background_background&quot;:&quot;classic&quot;}\">\n\t\t\t\t\t<div class=\"e-con-inner\">\n\t\t\t\t<div class=\"elementor-element elementor-element-417cd500 elementor-invisible elementor-widget elementor-widget-heading\" data-id=\"417cd500\" data-element_type=\"widget\" data-settings=\"{&quot;_animation&quot;:&quot;fadeInUp&quot;}\" data-widget_type=\"heading.default\">\n\t\t\t\t\t<h1 class=\"elementor-heading-title elementor-size-default\">Cont\u00e1ctenos <\/h1>\t\t\t\t<\/div>\n\t\t\t\t<div class=\"elementor-element elementor-element-1e657381 elementor-widget__width-initial elementor-widget elementor-widget-spacer\" data-id=\"1e657381\" data-element_type=\"widget\" data-widget_type=\"spacer.default\">\n\t\t\t\t\t\t\t<div class=\"elementor-spacer\">\n\t\t\t<div class=\"elementor-spacer-inner\"><\/div>\n\t\t<\/div>\n\t\t\t\t\t\t<\/div>\n\t\t\t\t\t<\/div>\n\t\t\t\t<\/div>\n\t\t<div class=\"elementor-element elementor-element-617add25 e-flex e-con-boxed e-con e-parent\" data-id=\"617add25\" data-element_type=\"container\" data-settings=\"{&quot;background_background&quot;:&quot;classic&quot;,&quot;shape_divider_bottom&quot;:&quot;split&quot;}\">\n\t\t\t\t\t<div class=\"e-con-inner\">\n\t\t\t\t<div class=\"elementor-shape elementor-shape-bottom\" aria-hidden=\"true\" data-negative=\"false\">\n\t\t\t<svg xmlns=\"http:\/\/www.w3.org\/2000\/svg\" viewBox=\"0 0 1000 20\" preserveAspectRatio=\"none\">\n\t<path class=\"elementor-shape-fill\" d=\"M0,0v3c0,0,393.8,0,483.4,0c9.2,0,16.6,7.4,16.6,16.6c0-9.1,7.4-16.6,16.6-16.6C606.2,3,1000,3,1000,3V0H0z\"\/>\n<\/svg>\t\t<\/div>\n\t\t<div class=\"elementor-element elementor-element-6f30e328 e-con-full e-flex e-con e-child\" data-id=\"6f30e328\" data-element_type=\"container\">\n\t\t\t\t<div class=\"elementor-element elementor-element-3b1ce7f9 elementor-widget elementor-widget-image\" data-id=\"3b1ce7f9\" data-element_type=\"widget\" data-widget_type=\"image.default\">\n\t\t\t\t\t\t\t\t\t\t\t\t\t\t\t<img decoding=\"async\" src=\"https:\/\/limoprocolombia.com\/wp-content\/uploads\/elementor\/thumbs\/a0781ffe-37bc-4883-a5bc-f86cdcf49125-rfov3xl45r48vvydyod4r9asl5uyk8n3iv4zuoo2nk.jpeg\" title=\"a0781ffe-37bc-4883-a5bc-f86cdcf49125\" alt=\"a0781ffe-37bc-4883-a5bc-f86cdcf49125\" loading=\"lazy\" \/>\t\t\t\t\t\t\t\t\t\t\t\t\t\t\t<\/div>\n\t\t\t\t<div class=\"elementor-element elementor-element-1e73032b elementor-position-left elementor-view-default elementor-mobile-position-top elementor-widget elementor-widget-icon-box\" data-id=\"1e73032b\" data-element_type=\"widget\" data-widget_type=\"icon-box.default\">\n\t\t\t\t\t\t\t<div class=\"elementor-icon-box-wrapper\">\n\n\t\t\t\t\t\t<div class=\"elementor-icon-box-icon\">\n\t\t\t\t<span  class=\"elementor-icon\">\n\t\t\t\t<svg class=\"ekit-svg-icon icon-smartphone1\" viewBox=\"0 0 32 32\" xmlns=\"http:\/\/www.w3.org\/2000\/svg\"><path d=\"M19.294 27.067c-1.029 0-1.867 0.837-1.867 1.867s0.837 1.867 1.867 1.867 1.867-0.837 1.867-1.867-0.838-1.867-1.867-1.867zM19.294 29.733c-0.441 0-0.8-0.359-0.8-0.8s0.359-0.8 0.8-0.8 0.8 0.359 0.8 0.8-0.359 0.8-0.8 0.8zM21.694 20.133c1.177 0 2.133-0.957 2.133-2.133s-0.957-2.133-2.133-2.133-2.133 0.957-2.133 2.133 0.956 2.133 2.133 2.133zM21.694 16.933c0.588 0 1.067 0.478 1.067 1.067s-0.478 1.067-1.067 1.067-1.067-0.478-1.067-1.067 0.478-1.067 1.067-1.067zM8.894 6.8c0.137 0 0.273-0.052 0.377-0.156l1.067-1.067c0.209-0.209 0.209-0.546 0-0.754s-0.546-0.209-0.754 0l-1.067 1.067c-0.209 0.209-0.209 0.546 0 0.754 0.104 0.104 0.241 0.156 0.377 0.156zM28.094 16.265c0-0.469-0.183-0.91-0.515-1.242l-0.297-0.297c0.506-0.448 0.811-1.096 0.811-1.793 0-1.323-1.077-2.4-2.4-2.4-0.097 0-0.193 0.010-0.288 0.021 0.012-0.095 0.021-0.19 0.021-0.288 0-1.323-1.077-2.4-2.4-2.4-0.097 0-0.193 0.010-0.288 0.021 0.012-0.095 0.021-0.19 0.021-0.288 0-1.323-1.077-2.4-2.4-2.4-0.097 0-0.193 0.010-0.288 0.021 0.012-0.095 0.021-0.19 0.021-0.288 0-1.323-1.077-2.4-2.4-2.4-0.698 0-1.345 0.306-1.793 0.811l-2.43-2.43c-0.685-0.685-1.8-0.685-2.484 0l-6.566 6.566c-0.684 0.685-0.684 1.8 0 2.485l4.626 4.626c-0.723 0.414-1.218 1.185-1.218 2.076 0 0.834 0.428 1.569 1.076 1.999 0.033 0.043 0.070 0.086 0.121 0.129l5.737 5.715v0.958h-1.067v6.933h13.867v-6.933h-1.067v-1.616c1.020-0.865 1.6-2.108 1.6-3.451 0-0.928-0.29-1.829-0.819-2.588l0.305-0.305c0.332-0.332 0.515-0.773 0.515-1.242zM27.028 12.933c0 0.41-0.189 0.789-0.5 1.038l-1.873-1.873c0.25-0.311 0.629-0.5 1.038-0.5 0.735 0.001 1.334 0.598 1.334 1.334zM24.361 10.266c0 0.41-0.189 0.789-0.5 1.038l-1.873-1.873c0.25-0.311 0.629-0.5 1.038-0.5 0.735 0.001 1.334 0.598 1.334 1.334zM21.694 7.6c0 0.41-0.189 0.789-0.5 1.038l-1.873-1.873c0.25-0.311 0.629-0.5 1.038-0.5 0.735 0.001 1.334 0.598 1.334 1.334zM17.694 3.6c0.735 0 1.333 0.598 1.333 1.333 0 0.41-0.189 0.789-0.5 1.038l-1.873-1.873c0.25-0.31 0.629-0.499 1.039-0.499zM5.173 9.211c-0.269-0.269-0.269-0.707 0-0.977l6.567-6.566c0.067-0.067 0.145-0.117 0.227-0.15 0.037-0.015 0.079-0.015 0.119-0.023 0.095-0.020 0.189-0.020 0.284 0 0.039 0.009 0.082 0.008 0.119 0.023 0.083 0.034 0.16 0.084 0.227 0.15l1.253 1.253-7.543 7.543-1.253-1.252zM14.723 3.675l12.102 12.102c0.269 0.269 0.269 0.707 0 0.976l-0.233 0.234-6.333 6.333c-0.268 0.269-0.707 0.27-0.977 0l-4.253-4.254h0.531c1.323 0 2.4-1.077 2.4-2.4s-1.077-2.4-2.4-2.4h-5.332l-3.049-3.049 7.543-7.543zM9.939 15.366l0.221-0.025c0.022-0.003 0.044-0.008 0.066-0.008h5.333c0.735 0 1.333 0.598 1.333 1.333s-0.598 1.333-1.333 1.333h-5.333c-0.735 0-1.333-0.598-1.333-1.333 0.001-0.636 0.449-1.168 1.046-1.3zM14.761 31.333v-4.8h4.494c1.639 0 2.973 1.334 2.973 2.973v1.827h-7.467zM26.494 31.333h-3.2v-1.827c0-1.177-0.509-2.234-1.314-2.973h4.514v4.8zM26.508 18.58c0.338 0.545 0.52 1.174 0.52 1.82 0 1.096-0.506 2.105-1.388 2.769l-0.212 0.16v2.138h-9.601v-1.45l-0.188-0.159c-0.024-0.021-0.050-0.040-0.096-0.075l-4.734-4.717h2.712l5.008 5.008c0.343 0.342 0.793 0.514 1.242 0.514s0.9-0.171 1.243-0.514l5.495-5.494z\"><\/path><\/svg>\t\t\t\t<\/span>\n\t\t\t<\/div>\n\t\t\t\n\t\t\t\t\t\t<div class=\"elementor-icon-box-content\">\n\n\t\t\t\t\t\t\t\t\t<h3 class=\"elementor-icon-box-title\">\n\t\t\t\t\t\t<span  >\n\t\t\t\t\t\t\tLlamanos\t\t\t\t\t\t<\/span>\n\t\t\t\t\t<\/h3>\n\t\t\t\t\n\t\t\t\t\t\t\t\t\t<p class=\"elementor-icon-box-description\">\n\t\t\t\t\t\t+573009550107\t\t\t\t\t<\/p>\n\t\t\t\t\n\t\t\t<\/div>\n\t\t\t\n\t\t<\/div>\n\t\t\t\t\t\t<\/div>\n\t\t\t\t<div class=\"elementor-element elementor-element-569ae2e4 elementor-widget-divider--view-line elementor-widget elementor-widget-divider\" data-id=\"569ae2e4\" data-element_type=\"widget\" data-widget_type=\"divider.default\">\n\t\t\t\t\t\t\t<div class=\"elementor-divider\">\n\t\t\t<span class=\"elementor-divider-separator\">\n\t\t\t\t\t\t<\/span>\n\t\t<\/div>\n\t\t\t\t\t\t<\/div>\n\t\t\t\t<div class=\"elementor-element elementor-element-4466c6da elementor-position-left elementor-view-default elementor-mobile-position-top elementor-widget elementor-widget-icon-box\" data-id=\"4466c6da\" data-element_type=\"widget\" data-widget_type=\"icon-box.default\">\n\t\t\t\t\t\t\t<div class=\"elementor-icon-box-wrapper\">\n\n\t\t\t\t\t\t<div class=\"elementor-icon-box-icon\">\n\t\t\t\t<span  class=\"elementor-icon\">\n\t\t\t\t<svg class=\"ekit-svg-icon icon-mail\" viewBox=\"0 0 32 32\" xmlns=\"http:\/\/www.w3.org\/2000\/svg\"><path d=\"M31.977 13.216c-0-0.384-0.151-0.745-0.423-1.016s-0.632-0.42-1.015-0.42c-0.001 0-0.001 0-0.002 0l-29.101 0.040c-0.384 0.001-0.745 0.151-1.016 0.423s-0.42 0.633-0.42 1.017l0.023 16.445c0.001 0.792 0.646 1.436 1.438 1.436 0.001 0 0.001 0 0.002 0l29.101-0.040c0.384-0 0.745-0.151 1.016-0.423s0.42-0.633 0.42-1.017l-0.023-16.445zM28.959 13.22l-12.957 9.008-12.983-8.972 25.941-0.036zM21.403 23.671l7.728 5.994-26.284 0.036 7.774-6.030c0.314-0.243 0.371-0.695 0.127-1.009s-0.695-0.371-1.009-0.127l-8.28 6.423-0.021-15.045 14.155 9.782c0.123 0.085 0.266 0.128 0.409 0.128s0.287-0.043 0.41-0.129l14.127-9.821 0.022 15.082-8.277-6.42c-0.314-0.243-0.765-0.186-1.009 0.128s-0.186 0.765 0.127 1.009zM19.407 4.298l-2.616-2.337c-0.451-0.403-1.131-0.403-1.582 0l-2.616 2.337c-0.296 0.265-0.322 0.719-0.057 1.015s0.719 0.322 1.015 0.057l1.73-1.545v5.542c0 0.397 0.322 0.719 0.719 0.719s0.719-0.322 0.719-0.719v-5.542l1.73 1.545c0.137 0.122 0.308 0.183 0.479 0.183 0.198 0 0.395-0.081 0.537-0.24 0.265-0.296 0.239-0.751-0.057-1.015z\"><\/path><\/svg>\t\t\t\t<\/span>\n\t\t\t<\/div>\n\t\t\t\n\t\t\t\t\t\t<div class=\"elementor-icon-box-content\">\n\n\t\t\t\t\t\t\t\t\t<h3 class=\"elementor-icon-box-title\">\n\t\t\t\t\t\t<span  >\n\t\t\t\t\t\t\tEmail \t\t\t\t\t\t<\/span>\n\t\t\t\t\t<\/h3>\n\t\t\t\t\n\t\t\t\t\t\t\t\t\t<p class=\"elementor-icon-box-description\">\n\t\t\t\t\t\tinfo@limoprocolombia.com\t\t\t\t\t<\/p>\n\t\t\t\t\n\t\t\t<\/div>\n\t\t\t\n\t\t<\/div>\n\t\t\t\t\t\t<\/div>\n\t\t\t\t<div class=\"elementor-element elementor-element-5d1857c0 elementor-widget-divider--view-line elementor-widget elementor-widget-divider\" data-id=\"5d1857c0\" data-element_type=\"widget\" data-widget_type=\"divider.default\">\n\t\t\t\t\t\t\t<div class=\"elementor-divider\">\n\t\t\t<span class=\"elementor-divider-separator\">\n\t\t\t\t\t\t<\/span>\n\t\t<\/div>\n\t\t\t\t\t\t<\/div>\n\t\t\t\t<div class=\"elementor-element elementor-element-400c45b4 elementor-position-left elementor-view-default elementor-mobile-position-top elementor-widget elementor-widget-icon-box\" data-id=\"400c45b4\" data-element_type=\"widget\" data-widget_type=\"icon-box.default\">\n\t\t\t\t\t\t\t<div class=\"elementor-icon-box-wrapper\">\n\n\t\t\t\t\t\t<div class=\"elementor-icon-box-icon\">\n\t\t\t\t<span  class=\"elementor-icon\">\n\t\t\t\t<svg class=\"ekit-svg-icon icon-map1\" viewBox=\"0 0 32 32\" xmlns=\"http:\/\/www.w3.org\/2000\/svg\"><path d=\"M4.527 6.466c-1.021 0-1.851 0.831-1.851 1.852s0.831 1.852 1.851 1.852 1.851-0.831 1.851-1.852c0-1.021-0.831-1.851-1.851-1.851zM4.527 8.837c-0.287 0-0.52-0.233-0.52-0.52s0.233-0.52 0.52-0.52c0.287 0 0.52 0.233 0.52 0.52s-0.233 0.52-0.52 0.52zM30.738 12.126v-4.702c0-0.91-0.741-1.652-1.652-1.653l-20.823-0.010c-0.163-0.237-0.349-0.46-0.558-0.666-0.869-0.857-2.020-1.321-3.243-1.303-2.446 0.034-4.448 2.052-4.463 4.499-0.004 0.725 0.167 1.447 0.496 2.089 0.006 0.013 1.083 1.818 1.083 1.818v15.147c0 0.911 0.741 1.652 1.652 1.652l25.854 0.014c0.912 0 1.654-0.742 1.654-1.653v-8.749c0 0 0.76-1.274 0.766-1.287 0.324-0.633 0.496-1.346 0.496-2.061-0-1.179-0.448-2.287-1.262-3.134zM26.185 7.101l-3.215 3.216-3.219-3.219 6.434 0.003zM22.121 11.165l-5.604 5.604-2.049-2.049c-0-0-0-0-0-0s-0-0-0-0l-1.537-1.537 5.604-5.604 3.587 3.587zM10.962 19.073l3.083-3.083 3.96 3.96-3.083 3.083-3.96-3.96zM11.713 21.52l-3.458 3.458-2.771-2.771 3.458-3.458 2.771 2.771zM8.558 10.379c0.324-0.633 0.496-1.346 0.496-2.061 0-0.42-0.058-0.831-0.168-1.225l8.435 0.004-5.237 5.237-1.875-1.875c-0.234-0.234-0.614-0.234-0.848 0s-0.234 0.614 0 0.848l3.837 3.837-3.083 3.083-2.497-2.497c-0.234-0.234-0.614-0.234-0.848 0s-0.234 0.614 0 0.848l1.325 1.325-5.184 5.184v-8.656l0.473 0.793c0.243 0.406 0.67 0.649 1.143 0.649s0.901-0.243 1.143-0.649c-0-0 2.881-4.83 2.888-4.843zM1.672 9.753c-0.229-0.453-0.343-0.943-0.34-1.455 0.010-1.727 1.423-3.151 3.149-3.175 0.864-0.011 1.675 0.315 2.289 0.92 0.211 0.208 0.389 0.441 0.532 0.692 0.006 0.012 0.013 0.023 0.020 0.035 0.26 0.468 0.399 0.997 0.399 1.549 0 0.506-0.114 0.989-0.34 1.436l-2.854 4.786-2.856-4.786zM3.231 27.664c-0.177 0-0.32-0.144-0.32-0.32v-2.563l1.726-1.726 4.612 4.612-6.018-0.003zM10.945 27.668l-1.842-1.842 3.458-3.458 5.304 5.304-6.919-0.004zM15.77 23.882l3.083-3.083 2.239 2.238-3.083 3.083-2.239-2.239zM19.561 27.673l-0.705-0.705 3.083-3.083 3.791 3.791-6.169-0.003zM29.085 27.678l-1.659-0.001-4.639-4.639 1.396-1.396c0.234-0.234 0.234-0.614 0-0.848s-0.614-0.234-0.848 0l-1.396 1.396-2.662-2.662c-0-0-0-0-0-0s-0-0-0-0l-1.911-1.911 2.272-2.272 1.177 1.177c0.13 0.13 0.3 0.195 0.471 0.195s0.341-0.065 0.471-0.195c0.26-0.26 0.26-0.682 0-0.942l-1.177-1.177 7.3-7.3 1.206 0.001c0.177 0 0.321 0.144 0.321 0.321v3.74c-0.615-0.291-1.294-0.441-1.997-0.431-2.446 0.034-4.448 2.052-4.463 4.499-0.004 0.725 0.167 1.447 0.496 2.089 0.006 0.013 2.888 4.843 2.888 4.843 0.243 0.407 0.67 0.649 1.143 0.649s0.901-0.243 1.143-0.649l0.79-1.324v6.517h0c-0 0.177-0.145 0.321-0.321 0.321zM30.328 16.696l-0.841 1.409c-0 0.001-0.001 0.001-0.001 0.002l-2.013 3.375-2.856-4.786c-0.229-0.453-0.343-0.943-0.34-1.455 0.010-1.727 1.423-3.151 3.149-3.175 0.862-0.012 1.675 0.315 2.289 0.92s0.952 1.413 0.952 2.275c0 0.506-0.114 0.989-0.34 1.436zM27.473 13.408c-1.021 0-1.852 0.831-1.852 1.852s0.831 1.851 1.852 1.851c1.021 0 1.852-0.831 1.852-1.851s-0.831-1.852-1.852-1.852zM27.473 15.779c-0.287 0-0.52-0.233-0.52-0.52s0.233-0.52 0.52-0.52 0.52 0.233 0.52 0.52-0.233 0.52-0.52 0.52z\"><\/path><\/svg>\t\t\t\t<\/span>\n\t\t\t<\/div>\n\t\t\t\n\t\t\t\t\t\t<div class=\"elementor-icon-box-content\">\n\n\t\t\t\t\t\t\t\t\t<h3 class=\"elementor-icon-box-title\">\n\t\t\t\t\t\t<span  >\n\t\t\t\t\t\t\tEncuetarnos \t\t\t\t\t\t<\/span>\n\t\t\t\t\t<\/h3>\n\t\t\t\t\n\t\t\t\t\t\t\t\t\t<p class=\"elementor-icon-box-description\">\n\t\t\t\t\t\tCl 63 #105h-20, Bogot\u00e1, Colombia\t\t\t\t\t<\/p>\n\t\t\t\t\n\t\t\t<\/div>\n\t\t\t\n\t\t<\/div>\n\t\t\t\t\t\t<\/div>\n\t\t\t\t<\/div>\n\t\t<div class=\"elementor-element elementor-element-3256ecbf e-con-full e-flex elementor-invisible e-con e-child\" data-id=\"3256ecbf\" data-element_type=\"container\" data-settings=\"{&quot;animation&quot;:&quot;fadeInRight&quot;}\">\n\t\t\t\t<div class=\"elementor-element elementor-element-6fdaca0 elementor-widget elementor-widget-heading\" data-id=\"6fdaca0\" data-element_type=\"widget\" data-widget_type=\"heading.default\">\n\t\t\t\t\t<h2 class=\"elementor-heading-title elementor-size-default\">Tu Evento Perfecto Comienza con un Mensaje<\/h2>\t\t\t\t<\/div>\n\t\t\t\t<div class=\"elementor-element elementor-element-28b2e53 elementor-widget elementor-widget-text-editor\" data-id=\"28b2e53\" data-element_type=\"widget\" data-widget_type=\"text-editor.default\">\n\t\t\t\t\t\t\t\t\t<p><strong>En LimoPro, cada consulta es el primer paso hacia una experiencia extraordinaria. Estamos aqu\u00ed para escuchar tus ideas, responder tus preguntas y dise\u00f1ar juntos el servicio de lujo que har\u00e1 de tu celebraci\u00f3n algo inolvidable. Cont\u00e1ctanos por el medio que prefieras, y te responderemos en tiempo r\u00e9cord.<\/strong><\/p>\t\t\t\t\t\t\t\t<\/div>\n\t\t\t\t<div class=\"elementor-element elementor-element-743094c elementor-button-align-stretch elementor-widget elementor-widget-form\" data-id=\"743094c\" data-element_type=\"widget\" data-settings=\"{&quot;step_next_label&quot;:&quot;Next&quot;,&quot;step_previous_label&quot;:&quot;Previous&quot;,&quot;button_width&quot;:&quot;100&quot;,&quot;step_type&quot;:&quot;number_text&quot;,&quot;step_icon_shape&quot;:&quot;circle&quot;}\" data-widget_type=\"form.default\">\n\t\t\t\t\t\t\t<form class=\"elementor-form\" method=\"post\" name=\"New Form\" aria-label=\"New Form\">\n\t\t\t<input type=\"hidden\" name=\"post_id\" value=\"12\"\/>\n\t\t\t<input type=\"hidden\" name=\"form_id\" value=\"743094c\"\/>\n\t\t\t<input type=\"hidden\" name=\"referer_title\" value=\"\" \/>\n\n\t\t\t\n\t\t\t<div class=\"elementor-form-fields-wrapper elementor-labels-above\">\n\t\t\t\t\t\t\t\t<div class=\"elementor-field-type-text elementor-field-group elementor-column elementor-field-group-name elementor-col-100\">\n\t\t\t\t\t\t\t\t\t\t\t\t<label for=\"form-field-name\" class=\"elementor-field-label\">\n\t\t\t\t\t\t\t\tNombre\t\t\t\t\t\t\t<\/label>\n\t\t\t\t\t\t\t\t\t\t\t\t\t\t<input size=\"1\" type=\"text\" name=\"form_fields[name]\" id=\"form-field-name\" class=\"elementor-field elementor-size-sm  elementor-field-textual\" placeholder=\"Nombre\">\n\t\t\t\t\t\t\t\t\t\t\t<\/div>\n\t\t\t\t\t\t\t\t<div class=\"elementor-field-type-email elementor-field-group elementor-column elementor-field-group-email elementor-col-100 elementor-field-required\">\n\t\t\t\t\t\t\t\t\t\t\t\t<label for=\"form-field-email\" class=\"elementor-field-label\">\n\t\t\t\t\t\t\t\tEmail\t\t\t\t\t\t\t<\/label>\n\t\t\t\t\t\t\t\t\t\t\t\t\t\t<input size=\"1\" type=\"email\" name=\"form_fields[email]\" id=\"form-field-email\" class=\"elementor-field elementor-size-sm  elementor-field-textual\" placeholder=\"Email\" required=\"required\">\n\t\t\t\t\t\t\t\t\t\t\t<\/div>\n\t\t\t\t\t\t\t\t<div class=\"elementor-field-type-tel elementor-field-group elementor-column elementor-field-group-field_515d310 elementor-col-100 elementor-field-required\">\n\t\t\t\t\t\t\t\t\t\t\t\t<label for=\"form-field-field_515d310\" class=\"elementor-field-label\">\n\t\t\t\t\t\t\t\tWhatsapp\t\t\t\t\t\t\t<\/label>\n\t\t\t\t\t\t\t\t<input size=\"1\" type=\"tel\" name=\"form_fields[field_515d310]\" id=\"form-field-field_515d310\" class=\"elementor-field elementor-size-sm  elementor-field-textual\" placeholder=\"Whatsapp\" required=\"required\" pattern=\"[0-9()#&amp;+*-=.]+\" title=\"Only numbers and phone characters (#, -, *, etc) are accepted.\">\n\n\t\t\t\t\t\t<\/div>\n\t\t\t\t\t\t\t\t<div class=\"elementor-field-type-textarea elementor-field-group elementor-column elementor-field-group-message elementor-col-100\">\n\t\t\t\t\t\t\t\t\t\t\t\t<label for=\"form-field-message\" class=\"elementor-field-label\">\n\t\t\t\t\t\t\t\tMensaje  \t\t\t\t\t\t\t<\/label>\n\t\t\t\t\t\t<textarea class=\"elementor-field-textual elementor-field  elementor-size-sm\" name=\"form_fields[message]\" id=\"form-field-message\" rows=\"4\" placeholder=\"Mensaje \"><\/textarea>\t\t\t\t<\/div>\n\t\t\t\t\t\t\t\t<div class=\"elementor-field-group elementor-column elementor-field-type-submit elementor-col-100 e-form__buttons\">\n\t\t\t\t\t<button class=\"elementor-button elementor-size-sm\" type=\"submit\">\n\t\t\t\t\t\t<span class=\"elementor-button-content-wrapper\">\n\t\t\t\t\t\t\t\t\t\t\t\t\t\t\t\t\t\t\t\t\t\t<span class=\"elementor-button-text\">Enviar<\/span>\n\t\t\t\t\t\t\t\t\t\t\t\t\t<\/span>\n\t\t\t\t\t<\/button>\n\t\t\t\t<\/div>\n\t\t\t<\/div>\n\t\t<\/form>\n\t\t\t\t\t\t<\/div>\n\t\t\t\t<\/div>\n\t\t\t\t\t<\/div>\n\t\t\t\t<\/div>\n\t\t<div class=\"elementor-element elementor-element-bb6928e e-flex e-con-boxed e-con e-parent\" data-id=\"bb6928e\" data-element_type=\"container\">\n\t\t\t\t\t<div class=\"e-con-inner\">\n\t\t\t\t<div class=\"elementor-element elementor-element-a4197a0 elementor-widget elementor-widget-google_maps\" data-id=\"a4197a0\" data-element_type=\"widget\" data-widget_type=\"google_maps.default\">\n\t\t\t\t\t\t\t<div class=\"elementor-custom-embed\">\n\t\t\t<iframe loading=\"lazy\"\n\t\t\t\t\tsrc=\"https:\/\/maps.google.com\/maps?q=Cl%2063%20%23105h-20%2C%20Bogot%C3%A1%2C%20Colombia&#038;t=m&#038;z=10&#038;output=embed&#038;iwloc=near\"\n\t\t\t\t\ttitle=\"Cl 63 #105h-20, Bogot\u00e1, Colombia\"\n\t\t\t\t\taria-label=\"Cl 63 #105h-20, Bogot\u00e1, Colombia\"\n\t\t\t><\/iframe>\n\t\t<\/div>\n\t\t\t\t\t\t<\/div>\n\t\t\t\t\t<\/div>\n\t\t\t\t<\/div>\n\t\t\t\t<\/div>\n\t\t","protected":false},"excerpt":{"rendered":"<p>Cont\u00e1ctenos Llamanos +573009550107 Email info@limoprocolombia.com Encuetarnos Cl 63 #105h-20, Bogot\u00e1, Colombia Tu Evento Perfecto Comienza con un Mensaje En LimoPro, [&hellip;]<\/p>\n","protected":false},"author":1,"featured_media":0,"parent":0,"menu_order":0,"comment_status":"closed","ping_status":"closed","template":"elementor_header_footer","meta":{"site-sidebar-layout":"no-sidebar","site-content-layout":"","ast-site-content-layout":"full-width-container","site-content-style":"default","site-sidebar-style":"default","ast-global-header-display":"","ast-banner-title-visibility":"","ast-main-header-display":"","ast-hfb-above-header-display":"","ast-hfb-below-header-display":"","ast-hfb-mobile-header-display":"","site-post-title":"","ast-breadcrumbs-content":"","ast-featured-img":"disabled","footer-sml-layout":"","theme-transparent-header-meta":"default","adv-header-id-meta":"","stick-header-meta":"","header-above-stick-meta":"","header-main-stick-meta":"","header-below-stick-meta":"","astra-migrate-meta-layouts":"set","ast-page-background-enabled":"default","ast-page-background-meta":{"desktop":{"background-color":"var(--ast-global-color-5)","background-image":"","background-repeat":"repeat","background-position":"center center","background-size":"auto","background-attachment":"scroll","background-type":"","background-media":"","overlay-type":"","overlay-color":"","overlay-opacity":"","overlay-gradient":""},"tablet":{"background-color":"","background-image":"","background-repeat":"repeat","background-position":"center center","background-size":"auto","background-attachment":"scroll","background-type":"","background-media":"","overlay-type":"","overlay-color":"","overlay-opacity":"","overlay-gradient":""},"mobile":{"background-color":"","background-image":"","background-repeat":"repeat","background-position":"center center","background-size":"auto","background-attachment":"scroll","background-type":"","background-media":"","overlay-type":"","overlay-color":"","overlay-opacity":"","overlay-gradient":""}},"ast-content-background-meta":{"desktop":{"background-color":"var(--ast-global-color-4)","background-image":"","background-repeat":"repeat","background-position":"center center","background-size":"auto","background-attachment":"scroll","background-type":"","background-media":"","overlay-type":"","overlay-color":"","overlay-opacity":"","overlay-gradient":""},"tablet":{"background-color":"var(--ast-global-color-4)","background-image":"","background-repeat":"repeat","background-position":"center center","background-size":"auto","background-attachment":"scroll","background-type":"","background-media":"","overlay-type":"","overlay-color":"","overlay-opacity":"","overlay-gradient":""},"mobile":{"background-color":"var(--ast-global-color-4)","background-image":"","background-repeat":"repeat","background-position":"center center","background-size":"auto","background-attachment":"scroll","background-type":"","background-media":"","overlay-type":"","overlay-color":"","overlay-opacity":"","overlay-gradient":""}},"_joinchat":[],"footnotes":""},"class_list":["post-12","page","type-page","status-publish","hentry"],"_links":{"self":[{"href":"https:\/\/limoprocolombia.com\/index.php\/wp-json\/wp\/v2\/pages\/12","targetHints":{"allow":["GET"]}}],"collection":[{"href":"https:\/\/limoprocolombia.com\/index.php\/wp-json\/wp\/v2\/pages"}],"about":[{"href":"https:\/\/limoprocolombia.com\/index.php\/wp-json\/wp\/v2\/types\/page"}],"author":[{"embeddable":true,"href":"https:\/\/limoprocolombia.com\/index.php\/wp-json\/wp\/v2\/users\/1"}],"replies":[{"embeddable":true,"href":"https:\/\/limoprocolombia.com\/index.php\/wp-json\/wp\/v2\/comments?post=12"}],"version-history":[{"count":19,"href":"https:\/\/limoprocolombia.com\/index.php\/wp-json\/wp\/v2\/pages\/12\/revisions"}],"predecessor-version":[{"id":303,"href":"https:\/\/limoprocolombia.com\/index.php\/wp-json\/wp\/v2\/pages\/12\/revisions\/303"}],"wp:attachment":[{"href":"https:\/\/limoprocolombia.com\/index.php\/wp-json\/wp\/v2\/media?parent=12"}],"curies":[{"name":"wp","href":"https:\/\/api.w.org\/{rel}","templated":true}]}}